{"id":98,"date":"2025-03-23T11:06:10","date_gmt":"2025-03-23T10:06:10","guid":{"rendered":"https:\/\/faktenfilter.lena-benninger.ch\/?page_id=98"},"modified":"2025-04-15T16:04:53","modified_gmt":"2025-04-15T14:04:53","slug":"leserbrief","status":"publish","type":"page","link":"https:\/\/faktenfilter.lena-benninger.ch\/index.php\/leserbrief\/","title":{"rendered":"Leserbrief"},"content":{"rendered":"\n<div class=\"wp-block-group alignfull navigation has-white-color has-text-color has-background has-link-color wp-elements-b1fc0b3e560e4d04a4e05486f0483e0f\" style=\"background-color:#ff883e;padding-top:var(--wp--preset--spacing--30);padding-right:var(--wp--preset--spacing--30);padding-bottom:var(--wp--preset--spacing--30);padding-left:var(--wp--preset--spacing--30)\"><div class=\"wp-block-group__inner-container is-layout-constrained wp-container-core-group-is-layout-97875daf wp-block-group-is-layout-constrained\">\n<div class=\"wp-block-group alignfull is-content-justification-space-between is-layout-flex wp-container-core-group-is-layout-a1218d07 wp-block-group-is-layout-flex\"><h1 class=\"has-link-color wp-elements-f1e98d6c897e424c7d4e8232ded39f0a wp-block-site-title\"><a href=\"https:\/\/faktenfilter.lena-benninger.ch\" target=\"_self\" rel=\"home\">Faktenfilter<\/a><\/h1>\n\n<nav class=\"is-responsive items-justified-right nav-content wp-block-navigation is-content-justification-right is-layout-flex wp-container-core-navigation-is-layout-765c4724 wp-block-navigation-is-layout-flex\" aria-label=\"Menu 1\" \n\t\t data-wp-interactive=\"core\/navigation\" data-wp-context='{\"overlayOpenedBy\":{\"click\":false,\"hover\":false,\"focus\":false},\"type\":\"overlay\",\"roleAttribute\":\"\",\"ariaLabel\":\"Men\\u00fc\"}'><button aria-haspopup=\"dialog\" aria-label=\"Men\u00fc \u00f6ffnen\" class=\"wp-block-navigation__responsive-container-open\" \n\t\t\t\tdata-wp-on--click=\"actions.openMenuOnClick\"\n\t\t\t\tdata-wp-on--keydown=\"actions.handleMenuKeydown\"\n\t\t\t><svg width=\"24\" height=\"24\" xmlns=\"http:\/\/www.w3.org\/2000\/svg\" viewBox=\"0 0 24 24\" aria-hidden=\"true\" focusable=\"false\"><path d=\"M4 7.5h16v1.5H4z\"><\/path><path d=\"M4 15h16v1.5H4z\"><\/path><\/svg><\/button>\n\t\t\t\t<div class=\"wp-block-navigation__responsive-container\"  id=\"modal-1\" \n\t\t\t\tdata-wp-class--has-modal-open=\"state.isMenuOpen\"\n\t\t\t\tdata-wp-class--is-menu-open=\"state.isMenuOpen\"\n\t\t\t\tdata-wp-watch=\"callbacks.initMenu\"\n\t\t\t\tdata-wp-on--keydown=\"actions.handleMenuKeydown\"\n\t\t\t\tdata-wp-on--focusout=\"actions.handleMenuFocusout\"\n\t\t\t\ttabindex=\"-1\"\n\t\t\t>\n\t\t\t\t\t<div class=\"wp-block-navigation__responsive-close\" tabindex=\"-1\">\n\t\t\t\t\t\t<div class=\"wp-block-navigation__responsive-dialog\" \n\t\t\t\tdata-wp-bind--aria-modal=\"state.ariaModal\"\n\t\t\t\tdata-wp-bind--aria-label=\"state.ariaLabel\"\n\t\t\t\tdata-wp-bind--role=\"state.roleAttribute\"\n\t\t\t>\n\t\t\t\t\t\t\t<button aria-label=\"Men\u00fc schliessen\" class=\"wp-block-navigation__responsive-container-close\" \n\t\t\t\tdata-wp-on--click=\"actions.closeMenuOnClick\"\n\t\t\t><svg xmlns=\"http:\/\/www.w3.org\/2000\/svg\" viewBox=\"0 0 24 24\" width=\"24\" height=\"24\" aria-hidden=\"true\" focusable=\"false\"><path d=\"m13.06 12 6.47-6.47-1.06-1.06L12 10.94 5.53 4.47 4.47 5.53 10.94 12l-6.47 6.47 1.06 1.06L12 13.06l6.47 6.47 1.06-1.06L13.06 12Z\"><\/path><\/svg><\/button>\n\t\t\t\t\t\t\t<div class=\"wp-block-navigation__responsive-container-content\" \n\t\t\t\tdata-wp-watch=\"callbacks.focusFirstElement\"\n\t\t\t id=\"modal-1-content\">\n\t\t\t\t\t\t\t\t<ul class=\"wp-block-navigation__container is-responsive items-justified-right nav-content wp-block-navigation\"><li class=\" wp-block-navigation-item wp-block-navigation-link\"><a class=\"wp-block-navigation-item__content\"  href=\"https:\/\/faktenfilter.lena-benninger.ch\/\"><span class=\"wp-block-navigation-item__label\">Startseite<\/span><\/a><\/li><li data-wp-context=\"{ &quot;submenuOpenedBy&quot;: { &quot;click&quot;: false, &quot;hover&quot;: false, &quot;focus&quot;: false }, &quot;type&quot;: &quot;submenu&quot;, &quot;modal&quot;: null, &quot;previousFocus&quot;: null }\" data-wp-interactive=\"core\/navigation\" data-wp-on--focusout=\"actions.handleMenuFocusout\" data-wp-on--keydown=\"actions.handleMenuKeydown\" data-wp-on--mouseenter=\"actions.openMenuOnHover\" data-wp-on--mouseleave=\"actions.closeMenuOnHover\" data-wp-watch=\"callbacks.initMenu\" tabindex=\"-1\" class=\"wp-block-navigation-item has-child open-on-hover-click wp-block-navigation-submenu\"><a class=\"wp-block-navigation-item__content\"><span class=\"wp-block-navigation-item__label\">Mitreden<\/span><\/a><button data-wp-bind--aria-expanded=\"state.isMenuOpen\" data-wp-on--click=\"actions.toggleMenuOnClick\" aria-label=\"Untermen\u00fc von Mitreden\" class=\"wp-block-navigation__submenu-icon wp-block-navigation-submenu__toggle\" ><svg xmlns=\"http:\/\/www.w3.org\/2000\/svg\" width=\"12\" height=\"12\" viewBox=\"0 0 12 12\" fill=\"none\" aria-hidden=\"true\" focusable=\"false\"><path d=\"M1.50002 4L6.00002 8L10.5 4\" stroke-width=\"1.5\"><\/path><\/svg><\/button><ul data-wp-on--focus=\"actions.openMenuOnFocus\" class=\"wp-block-navigation__submenu-container wp-block-navigation-submenu\"><li class=\" wp-block-navigation-item wp-block-navigation-link\"><a class=\"wp-block-navigation-item__content\"  href=\"https:\/\/faktenfilter.lena-benninger.ch\/index.php\/leserbrief\/\"><span class=\"wp-block-navigation-item__label\">Leserbrief<\/span><\/a><\/li><li class=\" wp-block-navigation-item wp-block-navigation-link\"><a class=\"wp-block-navigation-item__content\"  href=\"https:\/\/faktenfilter.lena-benninger.ch\/index.php\/vorschlag\/\"><span class=\"wp-block-navigation-item__label\">Vorschlag<\/span><\/a><\/li><\/ul><\/li><li data-wp-context=\"{ &quot;submenuOpenedBy&quot;: { &quot;click&quot;: false, &quot;hover&quot;: false, &quot;focus&quot;: false }, &quot;type&quot;: &quot;submenu&quot;, &quot;modal&quot;: null, &quot;previousFocus&quot;: null }\" data-wp-interactive=\"core\/navigation\" data-wp-on--focusout=\"actions.handleMenuFocusout\" data-wp-on--keydown=\"actions.handleMenuKeydown\" data-wp-on--mouseenter=\"actions.openMenuOnHover\" data-wp-on--mouseleave=\"actions.closeMenuOnHover\" data-wp-watch=\"callbacks.initMenu\" tabindex=\"-1\" class=\"wp-block-navigation-item has-child open-on-hover-click wp-block-navigation-submenu\"><a class=\"wp-block-navigation-item__content\"><span class=\"wp-block-navigation-item__label\">Wissen<\/span><\/a><button data-wp-bind--aria-expanded=\"state.isMenuOpen\" data-wp-on--click=\"actions.toggleMenuOnClick\" aria-label=\"Untermen\u00fc von Wissen\" class=\"wp-block-navigation__submenu-icon wp-block-navigation-submenu__toggle\" ><svg xmlns=\"http:\/\/www.w3.org\/2000\/svg\" width=\"12\" height=\"12\" viewBox=\"0 0 12 12\" fill=\"none\" aria-hidden=\"true\" focusable=\"false\"><path d=\"M1.50002 4L6.00002 8L10.5 4\" stroke-width=\"1.5\"><\/path><\/svg><\/button><ul data-wp-on--focus=\"actions.openMenuOnFocus\" class=\"wp-block-navigation__submenu-container wp-block-navigation-submenu\"><li class=\" wp-block-navigation-item wp-block-navigation-link\"><a class=\"wp-block-navigation-item__content\"  href=\"https:\/\/faktenfilter.lena-benninger.ch\/index.php\/faktenfilter\/\"><span class=\"wp-block-navigation-item__label\">Faktenfilter<\/span><\/a><\/li><li class=\" wp-block-navigation-item wp-block-navigation-link\"><a class=\"wp-block-navigation-item__content\"  href=\"https:\/\/faktenfilter.lena-benninger.ch\/index.php\/empfehlungen\/\"><span class=\"wp-block-navigation-item__label\">Empfehlungen<\/span><\/a><\/li><\/ul><\/li><li class=\" wp-block-navigation-item wp-block-navigation-link\"><a class=\"wp-block-navigation-item__content\"  href=\"https:\/\/faktenfilter.lena-benninger.ch\/index.php\/ueber\/\"><span class=\"wp-block-navigation-item__label\">\u00dcber<\/span><\/a><\/li><li class=\" wp-block-navigation-item wp-block-navigation-link\"><a class=\"wp-block-navigation-item__content\"  href=\"https:\/\/faktenfilter.lena-benninger.ch\/index.php\/benutzerkonto\/\"><span class=\"wp-block-navigation-item__label\">Benutzerkonto<\/span><\/a><\/li><\/ul>\n\t\t\t\t\t\t\t<\/div>\n\t\t\t\t\t\t<\/div>\n\t\t\t\t\t<\/div>\n\t\t\t\t<\/div><\/nav><\/div>\n<\/div><\/div>\n\n\n\n<p class=\"section\"><\/p>\n\n\n\n<h2 class=\"wp-block-heading mb-95\">Leserbrief<\/h2>\n\n\n\n<p class=\"section\"><\/p>\n\n\n\n<p class=\"page-description-invisible\">Eine Anmerkung oder Gedanken, welche du teilen m\u00f6chtest? <mark style=\"background-color:rgba(0, 0, 0, 0);color:#ff883e\" class=\"has-inline-color\">Wir freuen uns auf deinen Leserbrief!<\/mark><\/p>\n\n\n\n<div class=\"wp-block-columns section is-layout-flex wp-container-core-columns-is-layout-9d6595d7 wp-block-columns-is-layout-flex\">\n<div class=\"wp-block-column is-layout-flow wp-block-column-is-layout-flow\" style=\"flex-basis:33.33%\">\n<h3 class=\"wp-block-heading has-text-align-right highlighted\">Wie funktioniert&#8217;s?<\/h3>\n<\/div>\n\n\n\n<div class=\"wp-block-column is-layout-flow wp-block-column-is-layout-flow\" style=\"flex-basis:66.66%\">\n<p>Um einen respektvollen Austausch zu f\u00f6rdern, ist ein Benutzerkonto erforderlich, um einen Leserbrief oder Vorschlag einzureichen. Selbstverst\u00e4ndlich bleibt alles, was ver\u00f6ffentlicht wird, auf Wunsch anonym:)<\/p>\n<\/div>\n<\/div>\n\n\n\n<h3 class=\"wp-block-heading highlighted\">Faktenfilter*<\/h3>\n\n\n\n<div class=\"wp-block-columns is-layout-flex wp-container-core-columns-is-layout-9d6595d7 wp-block-columns-is-layout-flex\">\n<div class=\"wp-block-column section is-layout-flow wp-block-column-is-layout-flow\">\n<ul><li><input type=\"radio\" id=\"post-190\" name=\"selected_post\" value=\"190\" class=\"select-post-circle\"><label for=\"post-190\" class=\"select-post\">Von Hitlergruss zu AFD-Wahlkampf<\/label><\/li><li><input type=\"radio\" id=\"post-187\" name=\"selected_post\" value=\"187\" class=\"select-post-circle\"><label for=\"post-187\" class=\"select-post\">S\u00fcdkorea: Kriegsrecht oder autorit\u00e4re R\u00fcckkehr?<\/label><\/li><li><input type=\"radio\" id=\"post-67\" name=\"selected_post\" value=\"67\" class=\"select-post-circle\"><label for=\"post-67\" class=\"select-post\">Feuerwerk des Todes, Waffenstillstand vorbei<\/label><\/li><li><input type=\"radio\" id=\"post-63\" name=\"selected_post\" value=\"63\" class=\"select-post-circle\"><label for=\"post-63\" class=\"select-post\">\u0130mamo\u011flus Festnahme: Erdogans Angst<\/label><\/li><li><input type=\"radio\" id=\"post-59\" name=\"selected_post\" value=\"59\" class=\"select-post-circle\"><label for=\"post-59\" class=\"select-post\">Selenskyj ohne Anzug, Trump ohne Respekt<\/label><\/li><li><input type=\"radio\" id=\"post-56\" name=\"selected_post\" value=\"56\" class=\"select-post-circle\"><label for=\"post-56\" class=\"select-post\">Flaggen wehen Trump schweigt<\/label><\/li><li><input type=\"radio\" id=\"post-34\" name=\"selected_post\" value=\"34\" class=\"select-post-circle\"><label for=\"post-34\" class=\"select-post\">Einen Femizid zum Weltfrauentag<\/label><\/li><li><input type=\"radio\" id=\"post-1\" name=\"selected_post\" value=\"1\" class=\"select-post-circle\"><label for=\"post-1\" class=\"select-post\">Von Hitlergruss zu AFD-Wahlkampf<\/label><\/li><\/ul>\n<\/div>\n<\/div>\n\n\n\n<h3 class=\"wp-block-heading highlighted\">Leserbrief*<\/h3>\n\n\n\n<div class=\"wp-block-columns section is-layout-flex wp-container-core-columns-is-layout-9d6595d7 wp-block-columns-is-layout-flex\">\n<div class=\"wp-block-column section is-layout-flow wp-block-column-is-layout-flow\" style=\"flex-basis:66.66%\">\n<textarea class=\"input-long-p\" id=\"letter\" name=\"letter\" placeholder=\"Dein Leserbrief\" maxlength=\"4000\" rows=\"5\" cols=\"50\"><\/textarea>\n<\/div>\n\n\n\n<div class=\"wp-block-column is-layout-flow wp-block-column-is-layout-flow\" style=\"flex-basis:33.33%\"><\/div>\n<\/div>\n\n\n\n<h3 class=\"wp-block-heading highlighted\">Anonym bleiben?*<\/h3>\n\n\n\n<div class=\"wp-block-columns section is-layout-flex wp-container-core-columns-is-layout-9d6595d7 wp-block-columns-is-layout-flex\">\n<div class=\"wp-block-column section is-layout-flow wp-block-column-is-layout-flow\" style=\"flex-basis:66.66%\">\n<div class=\"select-anonymity\">\n  <div class=\"radio-container\">\n    <input type=\"radio\" name=\"anonymity\" value=\"yes\" id=\"yes\">\n    <label for=\"yes\">Ja<\/label>\n  <\/div>\n  <div class=\"radio-container\">\n    <input type=\"radio\" name=\"anonymity\" value=\"no\" id=\"no\">\n    <label for=\"no\">Nein<\/label>\n  <\/div>\n<\/div>\n<\/div>\n\n\n\n<div class=\"wp-block-column is-layout-flow wp-block-column-is-layout-flow\" style=\"flex-basis:33.33%\"><\/div>\n<\/div>\n\n\n\n<div class=\"wp-block-buttons section is-content-justification-space-between is-layout-flex wp-container-core-buttons-is-layout-a77020c8 wp-block-buttons-is-layout-flex\">\n<div class=\"wp-block-button has-custom-width wp-block-button__width-25 cta\"><a class=\"wp-block-button__link has-text-color has-background has-link-color wp-element-button\" href=\"https:\/\/faktenfilter.lena-benninger.ch\/\" style=\"border-radius:0px;color:#ff883e;background-color:#fff9f5\">Abbrechen<\/a><\/div>\n\n\n\n<div class=\"wp-block-button has-custom-width wp-block-button__width-25 cta\"><a class=\"wp-block-button__link has-text-color has-background has-link-color wp-element-button\" href=\"https:\/\/faktenfilter.lena-benninger.ch\/index.php\/dankeschoen\/\" style=\"border-radius:0px;color:#fff9f5;background-color:#ff883e\">Einsenden<\/a><\/div>\n<\/div>\n","protected":false},"excerpt":{"rendered":"<p>Leserbrief Eine Anmerkung oder Gedanken, welche du teilen m\u00f6chtest? Wir freuen uns auf deinen Leserbrief! Wie funktioniert&#8217;s? Um einen respektvollen Austausch zu f\u00f6rdern, ist ein Benutzerkonto erforderlich, um einen Leserbrief oder Vorschlag einzureichen. Selbstverst\u00e4ndlich bleibt alles, was ver\u00f6ffentlicht wird, auf Wunsch anonym:) Faktenfilter* Leserbrief* Anonym bleiben?* Ja Nein<\/p>\n","protected":false},"author":1,"featured_media":110,"parent":0,"menu_order":0,"comment_status":"closed","ping_status":"closed","template":"","meta":{"footnotes":""},"page_category":[5],"class_list":["post-98","page","type-page","status-publish","has-post-thumbnail","hentry","page_category-mitreden"],"_links":{"self":[{"href":"https:\/\/faktenfilter.lena-benninger.ch\/index.php\/wp-json\/wp\/v2\/pages\/98","targetHints":{"allow":["GET"]}}],"collection":[{"href":"https:\/\/faktenfilter.lena-benninger.ch\/index.php\/wp-json\/wp\/v2\/pages"}],"about":[{"href":"https:\/\/faktenfilter.lena-benninger.ch\/index.php\/wp-json\/wp\/v2\/types\/page"}],"author":[{"embeddable":true,"href":"https:\/\/faktenfilter.lena-benninger.ch\/index.php\/wp-json\/wp\/v2\/users\/1"}],"replies":[{"embeddable":true,"href":"https:\/\/faktenfilter.lena-benninger.ch\/index.php\/wp-json\/wp\/v2\/comments?post=98"}],"version-history":[{"count":42,"href":"https:\/\/faktenfilter.lena-benninger.ch\/index.php\/wp-json\/wp\/v2\/pages\/98\/revisions"}],"predecessor-version":[{"id":550,"href":"https:\/\/faktenfilter.lena-benninger.ch\/index.php\/wp-json\/wp\/v2\/pages\/98\/revisions\/550"}],"wp:featuredmedia":[{"embeddable":true,"href":"https:\/\/faktenfilter.lena-benninger.ch\/index.php\/wp-json\/wp\/v2\/media\/110"}],"wp:attachment":[{"href":"https:\/\/faktenfilter.lena-benninger.ch\/index.php\/wp-json\/wp\/v2\/media?parent=98"}],"wp:term":[{"taxonomy":"page_category","embeddable":true,"href":"https:\/\/faktenfilter.lena-benninger.ch\/index.php\/wp-json\/wp\/v2\/page_category?post=98"}],"curies":[{"name":"wp","href":"https:\/\/api.w.org\/{rel}","templated":true}]}}