{"id":44,"date":"2025-03-20T11:07:32","date_gmt":"2025-03-20T10:07:32","guid":{"rendered":"https:\/\/faktenfilter.lena-benninger.ch\/?page_id=44"},"modified":"2025-03-27T08:45:45","modified_gmt":"2025-03-27T07:45:45","slug":"ueber","status":"publish","type":"page","link":"https:\/\/faktenfilter.lena-benninger.ch\/index.php\/ueber\/","title":{"rendered":"\u00dcber"},"content":{"rendered":"\n<div class=\"wp-block-group alignfull navigation has-white-color has-text-color has-background has-link-color wp-elements-b1fc0b3e560e4d04a4e05486f0483e0f\" style=\"background-color:#ff883e;padding-top:var(--wp--preset--spacing--30);padding-right:var(--wp--preset--spacing--30);padding-bottom:var(--wp--preset--spacing--30);padding-left:var(--wp--preset--spacing--30)\"><div class=\"wp-block-group__inner-container is-layout-constrained wp-container-core-group-is-layout-97875daf wp-block-group-is-layout-constrained\">\n<div class=\"wp-block-group alignfull is-content-justification-space-between is-layout-flex wp-container-core-group-is-layout-a1218d07 wp-block-group-is-layout-flex\"><h1 class=\"has-link-color wp-elements-f1e98d6c897e424c7d4e8232ded39f0a wp-block-site-title\"><a href=\"https:\/\/faktenfilter.lena-benninger.ch\" target=\"_self\" rel=\"home\">Faktenfilter<\/a><\/h1>\n\n<nav class=\"is-responsive items-justified-right nav-content wp-block-navigation is-content-justification-right is-layout-flex wp-container-core-navigation-is-layout-765c4724 wp-block-navigation-is-layout-flex\" aria-label=\"Menu 1\" \n\t\t data-wp-interactive=\"core\/navigation\" data-wp-context='{\"overlayOpenedBy\":{\"click\":false,\"hover\":false,\"focus\":false},\"type\":\"overlay\",\"roleAttribute\":\"\",\"ariaLabel\":\"Men\\u00fc\"}'><button aria-haspopup=\"dialog\" aria-label=\"Men\u00fc \u00f6ffnen\" class=\"wp-block-navigation__responsive-container-open\" \n\t\t\t\tdata-wp-on--click=\"actions.openMenuOnClick\"\n\t\t\t\tdata-wp-on--keydown=\"actions.handleMenuKeydown\"\n\t\t\t><svg width=\"24\" height=\"24\" xmlns=\"http:\/\/www.w3.org\/2000\/svg\" viewBox=\"0 0 24 24\" aria-hidden=\"true\" focusable=\"false\"><path d=\"M4 7.5h16v1.5H4z\"><\/path><path d=\"M4 15h16v1.5H4z\"><\/path><\/svg><\/button>\n\t\t\t\t<div class=\"wp-block-navigation__responsive-container\"  id=\"modal-1\" \n\t\t\t\tdata-wp-class--has-modal-open=\"state.isMenuOpen\"\n\t\t\t\tdata-wp-class--is-menu-open=\"state.isMenuOpen\"\n\t\t\t\tdata-wp-watch=\"callbacks.initMenu\"\n\t\t\t\tdata-wp-on--keydown=\"actions.handleMenuKeydown\"\n\t\t\t\tdata-wp-on--focusout=\"actions.handleMenuFocusout\"\n\t\t\t\ttabindex=\"-1\"\n\t\t\t>\n\t\t\t\t\t<div class=\"wp-block-navigation__responsive-close\" tabindex=\"-1\">\n\t\t\t\t\t\t<div class=\"wp-block-navigation__responsive-dialog\" \n\t\t\t\tdata-wp-bind--aria-modal=\"state.ariaModal\"\n\t\t\t\tdata-wp-bind--aria-label=\"state.ariaLabel\"\n\t\t\t\tdata-wp-bind--role=\"state.roleAttribute\"\n\t\t\t>\n\t\t\t\t\t\t\t<button aria-label=\"Men\u00fc schliessen\" class=\"wp-block-navigation__responsive-container-close\" \n\t\t\t\tdata-wp-on--click=\"actions.closeMenuOnClick\"\n\t\t\t><svg xmlns=\"http:\/\/www.w3.org\/2000\/svg\" viewBox=\"0 0 24 24\" width=\"24\" height=\"24\" aria-hidden=\"true\" focusable=\"false\"><path d=\"m13.06 12 6.47-6.47-1.06-1.06L12 10.94 5.53 4.47 4.47 5.53 10.94 12l-6.47 6.47 1.06 1.06L12 13.06l6.47 6.47 1.06-1.06L13.06 12Z\"><\/path><\/svg><\/button>\n\t\t\t\t\t\t\t<div class=\"wp-block-navigation__responsive-container-content\" \n\t\t\t\tdata-wp-watch=\"callbacks.focusFirstElement\"\n\t\t\t id=\"modal-1-content\">\n\t\t\t\t\t\t\t\t<ul class=\"wp-block-navigation__container is-responsive items-justified-right nav-content wp-block-navigation\"><li class=\" wp-block-navigation-item wp-block-navigation-link\"><a class=\"wp-block-navigation-item__content\"  href=\"https:\/\/faktenfilter.lena-benninger.ch\/\"><span class=\"wp-block-navigation-item__label\">Startseite<\/span><\/a><\/li><li data-wp-context=\"{ &quot;submenuOpenedBy&quot;: { &quot;click&quot;: false, &quot;hover&quot;: false, &quot;focus&quot;: false }, &quot;type&quot;: &quot;submenu&quot;, &quot;modal&quot;: null, &quot;previousFocus&quot;: null }\" data-wp-interactive=\"core\/navigation\" data-wp-on--focusout=\"actions.handleMenuFocusout\" data-wp-on--keydown=\"actions.handleMenuKeydown\" data-wp-on--mouseenter=\"actions.openMenuOnHover\" data-wp-on--mouseleave=\"actions.closeMenuOnHover\" data-wp-watch=\"callbacks.initMenu\" tabindex=\"-1\" class=\"wp-block-navigation-item has-child open-on-hover-click wp-block-navigation-submenu\"><a class=\"wp-block-navigation-item__content\"><span class=\"wp-block-navigation-item__label\">Mitreden<\/span><\/a><button data-wp-bind--aria-expanded=\"state.isMenuOpen\" data-wp-on--click=\"actions.toggleMenuOnClick\" aria-label=\"Untermen\u00fc von Mitreden\" class=\"wp-block-navigation__submenu-icon wp-block-navigation-submenu__toggle\" ><svg xmlns=\"http:\/\/www.w3.org\/2000\/svg\" width=\"12\" height=\"12\" viewBox=\"0 0 12 12\" fill=\"none\" aria-hidden=\"true\" focusable=\"false\"><path d=\"M1.50002 4L6.00002 8L10.5 4\" stroke-width=\"1.5\"><\/path><\/svg><\/button><ul data-wp-on--focus=\"actions.openMenuOnFocus\" class=\"wp-block-navigation__submenu-container wp-block-navigation-submenu\"><li class=\" wp-block-navigation-item wp-block-navigation-link\"><a class=\"wp-block-navigation-item__content\"  href=\"https:\/\/faktenfilter.lena-benninger.ch\/index.php\/leserbrief\/\"><span class=\"wp-block-navigation-item__label\">Leserbrief<\/span><\/a><\/li><li class=\" wp-block-navigation-item wp-block-navigation-link\"><a class=\"wp-block-navigation-item__content\"  href=\"https:\/\/faktenfilter.lena-benninger.ch\/index.php\/vorschlag\/\"><span class=\"wp-block-navigation-item__label\">Vorschlag<\/span><\/a><\/li><\/ul><\/li><li data-wp-context=\"{ &quot;submenuOpenedBy&quot;: { &quot;click&quot;: false, &quot;hover&quot;: false, &quot;focus&quot;: false }, &quot;type&quot;: &quot;submenu&quot;, &quot;modal&quot;: null, &quot;previousFocus&quot;: null }\" data-wp-interactive=\"core\/navigation\" data-wp-on--focusout=\"actions.handleMenuFocusout\" data-wp-on--keydown=\"actions.handleMenuKeydown\" data-wp-on--mouseenter=\"actions.openMenuOnHover\" data-wp-on--mouseleave=\"actions.closeMenuOnHover\" data-wp-watch=\"callbacks.initMenu\" tabindex=\"-1\" class=\"wp-block-navigation-item has-child open-on-hover-click wp-block-navigation-submenu\"><a class=\"wp-block-navigation-item__content\"><span class=\"wp-block-navigation-item__label\">Wissen<\/span><\/a><button data-wp-bind--aria-expanded=\"state.isMenuOpen\" data-wp-on--click=\"actions.toggleMenuOnClick\" aria-label=\"Untermen\u00fc von Wissen\" class=\"wp-block-navigation__submenu-icon wp-block-navigation-submenu__toggle\" ><svg xmlns=\"http:\/\/www.w3.org\/2000\/svg\" width=\"12\" height=\"12\" viewBox=\"0 0 12 12\" fill=\"none\" aria-hidden=\"true\" focusable=\"false\"><path d=\"M1.50002 4L6.00002 8L10.5 4\" stroke-width=\"1.5\"><\/path><\/svg><\/button><ul data-wp-on--focus=\"actions.openMenuOnFocus\" class=\"wp-block-navigation__submenu-container wp-block-navigation-submenu\"><li class=\" wp-block-navigation-item wp-block-navigation-link\"><a class=\"wp-block-navigation-item__content\"  href=\"https:\/\/faktenfilter.lena-benninger.ch\/index.php\/faktenfilter\/\"><span class=\"wp-block-navigation-item__label\">Faktenfilter<\/span><\/a><\/li><li class=\" wp-block-navigation-item wp-block-navigation-link\"><a class=\"wp-block-navigation-item__content\"  href=\"https:\/\/faktenfilter.lena-benninger.ch\/index.php\/empfehlungen\/\"><span class=\"wp-block-navigation-item__label\">Empfehlungen<\/span><\/a><\/li><\/ul><\/li><li class=\" wp-block-navigation-item wp-block-navigation-link\"><a class=\"wp-block-navigation-item__content\"  href=\"https:\/\/faktenfilter.lena-benninger.ch\/index.php\/ueber\/\"><span class=\"wp-block-navigation-item__label\">\u00dcber<\/span><\/a><\/li><li class=\" wp-block-navigation-item wp-block-navigation-link\"><a class=\"wp-block-navigation-item__content\"  href=\"https:\/\/faktenfilter.lena-benninger.ch\/index.php\/benutzerkonto\/\"><span class=\"wp-block-navigation-item__label\">Benutzerkonto<\/span><\/a><\/li><\/ul>\n\t\t\t\t\t\t\t<\/div>\n\t\t\t\t\t\t<\/div>\n\t\t\t\t\t<\/div>\n\t\t\t\t<\/div><\/nav><\/div>\n<\/div><\/div>\n\n\n\n<p class=\"section\"><\/p>\n\n\n\n<div class=\"wp-block-columns section is-layout-flex wp-container-core-columns-is-layout-9d6595d7 wp-block-columns-is-layout-flex\">\n<div class=\"wp-block-column is-layout-flow wp-block-column-is-layout-flow\" style=\"flex-basis:30%\">\n<figure class=\"wp-block-image size-large is-style-default\"><img loading=\"lazy\" decoding=\"async\" width=\"576\" height=\"1024\" src=\"https:\/\/faktenfilter.lena-benninger.ch\/wp-content\/uploads\/2025\/03\/lena-576x1024.png\" alt=\"\" class=\"wp-image-28\" srcset=\"https:\/\/faktenfilter.lena-benninger.ch\/wp-content\/uploads\/2025\/03\/lena-576x1024.png 576w, https:\/\/faktenfilter.lena-benninger.ch\/wp-content\/uploads\/2025\/03\/lena-169x300.png 169w, https:\/\/faktenfilter.lena-benninger.ch\/wp-content\/uploads\/2025\/03\/lena-768x1365.png 768w, https:\/\/faktenfilter.lena-benninger.ch\/wp-content\/uploads\/2025\/03\/lena-864x1536.png 864w, https:\/\/faktenfilter.lena-benninger.ch\/wp-content\/uploads\/2025\/03\/lena.png 916w\" sizes=\"auto, (max-width: 576px) 100vw, 576px\" \/><\/figure>\n<\/div>\n\n\n\n<div class=\"wp-block-column is-layout-flow wp-block-column-is-layout-flow\" style=\"flex-basis:50%\">\n<h2 class=\"wp-block-heading highlighted\">Wer bin ich?<\/h2>\n\n\n\n<p>Hey, ich bin Lena, 19 Jahre alt, und wie viele in meinem Alter ziemlich oft in den sozialen Medien unterwegs. Dabei merke ich immer wieder, wie schwer es sein kann, Inhalte zu finden, die sowohl spannend als auch wirklich informativ sind.<\/p>\n\n\n\n<p>Was mich besonders besch\u00e4ftigt, ist der Umgang mit Fake News und Desinformationen, die sich im Netz oft viel zu schnell verbreiten \u2013 ich m\u00f6chte aktiv dazu beitragen, dem etwas entgegenzusetzen. Themen wie Gerechtigkeit und Gleichberechtigung liegen mir sehr am Herzen, deshalb w\u00fcrde ich mich auch als Feministin bezeichnen.<\/p>\n\n\n\n<p>Au\u00dferdem interessiere ich mich f\u00fcr politische Themen und bin mal mehr, mal weniger aktiv in diesem Bereich unterwegs \u2013 je nachdem, wie es gerade in meinen Alltag passt.<\/p>\n<\/div>\n<\/div>\n\n\n\n<h2 class=\"wp-block-heading highlighted\">Kontext<\/h2>\n\n\n\n<div class=\"wp-block-columns section is-layout-flex wp-container-core-columns-is-layout-9d6595d7 wp-block-columns-is-layout-flex\">\n<div class=\"wp-block-column is-layout-flow wp-block-column-is-layout-flow\">\n<p>Zurzeit mache ich eine Ausbildung als Interactive Media Designerin und arbeite gerade an meinem Abschlussprojekt. Daf\u00fcr gestalte ich eine Webseite zum vorgegebenen Thema \u201eUtopie\u201c.<\/p>\n<\/div>\n\n\n\n<div class=\"wp-block-column is-layout-flow wp-block-column-is-layout-flow\">\n<p>Ich habe mich entschieden, nicht einfach nur eine perfekte Welt zu zeigen, sondern den Weg dorthin \u2013 denn f\u00fcr mich ist klar: Um einer Utopie n\u00e4her zu kommen, brauchen wir vor allem bessere Politik. Mit der Seite m\u00f6chte ich vor allem junge Menschen \u2013 also auch Leute wie mich \u2013 motivieren, sich mehr f\u00fcr politische Themen zu interessieren und aktiver zu werden.<\/p>\n<\/div>\n<\/div>\n\n\n\n<div class=\"wp-block-columns section is-layout-flex wp-container-core-columns-is-layout-9d6595d7 wp-block-columns-is-layout-flex\">\n<div class=\"wp-block-column is-layout-flow wp-block-column-is-layout-flow\" style=\"flex-basis:100%\">\n<h2 class=\"wp-block-heading highlighted\">Projekte<\/h2>\n\n\n\n<div class=\"wp-block-columns is-layout-flex wp-container-core-columns-is-layout-9d6595d7 wp-block-columns-is-layout-flex\">\n<div class=\"wp-block-column is-layout-flow wp-block-column-is-layout-flow\" style=\"flex-basis:66%\">\n<p>Wenn dir diese Seite und das Projekt gefallen, dann klick dich doch auch mal durch mein Portfolio \u2013 da wartet noch mehr kreatives Zeug von mir auf dich. Danke dir und viel Spa\u00df beim St\u00f6bern\u2026 hihi ;<\/p>\n<\/div>\n\n\n\n<div class=\"wp-block-column is-layout-flow wp-block-column-is-layout-flow\" style=\"flex-basis:33%\">\n<div class=\"wp-block-buttons is-layout-flex wp-container-core-buttons-is-layout-132b0da8 wp-block-buttons-is-layout-flex\">\n<div class=\"wp-block-button has-custom-width wp-block-button__width-100 cta\"><a class=\"wp-block-button__link has-text-color has-background has-link-color wp-element-button\" href=\"https:\/\/lena-benninger.ch\/\" style=\"border-radius:0px;color:#fff9f5;background-color:#ff883e\">Zum Portfolio<\/a><\/div>\n<\/div>\n<\/div>\n<\/div>\n<\/div>\n<\/div>\n","protected":false},"excerpt":{"rendered":"<p>Wer bin ich? Hey, ich bin Lena, 19 Jahre alt, und wie viele in meinem Alter ziemlich oft in den sozialen Medien unterwegs. Dabei merke ich immer wieder, wie schwer es sein kann, Inhalte zu finden, die sowohl spannend als auch wirklich informativ sind. Was mich besonders besch\u00e4ftigt, ist der Umgang mit Fake News und [&hellip;]<\/p>\n","protected":false},"author":1,"featured_media":0,"parent":0,"menu_order":0,"comment_status":"closed","ping_status":"closed","template":"","meta":{"footnotes":""},"page_category":[],"class_list":["post-44","page","type-page","status-publish","hentry"],"_links":{"self":[{"href":"https:\/\/faktenfilter.lena-benninger.ch\/index.php\/wp-json\/wp\/v2\/pages\/44","targetHints":{"allow":["GET"]}}],"collection":[{"href":"https:\/\/faktenfilter.lena-benninger.ch\/index.php\/wp-json\/wp\/v2\/pages"}],"about":[{"href":"https:\/\/faktenfilter.lena-benninger.ch\/index.php\/wp-json\/wp\/v2\/types\/page"}],"author":[{"embeddable":true,"href":"https:\/\/faktenfilter.lena-benninger.ch\/index.php\/wp-json\/wp\/v2\/users\/1"}],"replies":[{"embeddable":true,"href":"https:\/\/faktenfilter.lena-benninger.ch\/index.php\/wp-json\/wp\/v2\/comments?post=44"}],"version-history":[{"count":18,"href":"https:\/\/faktenfilter.lena-benninger.ch\/index.php\/wp-json\/wp\/v2\/pages\/44\/revisions"}],"predecessor-version":[{"id":525,"href":"https:\/\/faktenfilter.lena-benninger.ch\/index.php\/wp-json\/wp\/v2\/pages\/44\/revisions\/525"}],"wp:attachment":[{"href":"https:\/\/faktenfilter.lena-benninger.ch\/index.php\/wp-json\/wp\/v2\/media?parent=44"}],"wp:term":[{"taxonomy":"page_category","embeddable":true,"href":"https:\/\/faktenfilter.lena-benninger.ch\/index.php\/wp-json\/wp\/v2\/page_category?post=44"}],"curies":[{"name":"wp","href":"https:\/\/api.w.org\/{rel}","templated":true}]}}